{"id":4704,"date":"2014-11-20T00:13:48","date_gmt":"2014-11-19T22:13:48","guid":{"rendered":"http:\/\/test.superatic.com\/thatsinis\/?page_id=4704"},"modified":"2015-12-22T23:15:22","modified_gmt":"2015-12-22T21:15:22","slug":"termini-e-condizioni","status":"publish","type":"page","link":"https:\/\/www.thatsinis.net\/en\/termini-e-condizioni\/","title":{"rendered":"Termini e Condizioni"},"content":{"rendered":"<strong>Prenotazione<\/strong><\/p>\n<p>La richiesta di prenotazione pu\u00f2 essere fatta telefonicamente o tramite email. (preferibilmente email)<\/p>\n<p>&nbsp;<\/p>\n<p><strong>Modalit\u00e0 di pagamento del saldo<\/strong><\/p>\n<p>Il pagamento, relativo a tutta la durata del pernottamento, dovr\u00e0 avvenire al momento della consegna delle chiavi, all\u2019arrivo del cliente .\u00a0Al momento della consegna delle chiavi sar\u00e0 versata una \u00a0cauzione che verr\u00e0 restituita al momento della\u00a0riconsegna dell\u2019immobile una volta rilevata l\u2019inesistenza di danni.<\/p>\n<p>&nbsp;<\/p>\n<p><strong>Registrazione<\/strong><\/p>\n<p>L&#8217;ospite, al suo arrivo, \u00e8 tenuto ad esibire un documento di identit\u00e0 in corso di validit\u00e0, per la registrazione, secondo le vigenti disposizioni di legge.<\/p>\n<p>&nbsp;<\/p>\n<p><strong>Disdette della prenotazione<\/strong><strong><br \/>\n<\/strong>In caso di cancellazione della prenotazione:<\/p>\n<div>\n<p>-se la disdetta viene comunicata fino a 30 giorni ed oltre dalla data di prenotazione l&#8217;intera somma dell&#8217; acconto viene rimborsata.<\/p>\n<p>-se la disdetta viene comunicata negli ultimi 30 giorni dalla data di prenotazione e l&#8217; appartamento non viene riaffittato, non \u00e8 previsto nessun rimborso rimborso dell&#8217; acconto<\/p>\n<p>-se la disdetta viene comunicata negli ultimi 30 giorni dalla data di prenotazione e l&#8217; appartamento viene riaffittato, l&#8217; intera somma dell&#8217; acconto viene rimborsata.<\/p>\n<p>&nbsp;<\/p>\n<p><strong>Prezzi<\/strong><\/p>\n<p>I prezzi offerti sono comprensivi di:\u00a0uso della cucina, degli elettrodomestici,\u00a0dell\u2019arredo, degli utensili, \u00a0di tutte le dotazioni per la preparazione e la consumazione dei pasti, di quelle relative all\u2019 energia elettrica, \u00a0al gas , all\u2019acqua.<\/p>\n<p>il costo per le pulizie finali \u00e8 di 30 euro. (la pulizia del bagno, della cucina, come pure\u00a0frigo, fornelli e stoviglie, \u00a0e il differenziamento della spazzatura non sono inclusi, sar\u00e0 responsabilit\u00e0 dell&#8217; ospite tenerli in ordine e puliti).<\/p>\n<p>&nbsp;<\/p>\n<p><strong>Animali domestici<\/strong><\/p>\n<p>E proibito introdurre all&#8217;interno dell&#8217;appartamento animali.<\/p>\n<p>&nbsp;<\/p>\n<p><strong>Orario di arrivo e di partenza<\/strong><\/p>\n<p>L\u2019appartamento \u00e8 disponibile dalle ore\u00a0<strong>10 <\/strong>del giorno di arrivo (flessibile in base alle esigenze di entrambe le parti), lo stesso dovr\u00e0 essere liberato,\u00a0salvo diversi accordi, entro le ore\u00a0<strong>13.00\u00a0<\/strong>del giorno successivo all&#8217;ultimo pernottamento.<\/p>\n<p>&nbsp;<\/p>\n<p><strong>Responsabilit\u00e0 del cliente o suoi ospiti<\/strong><\/p>\n<p>Qualora il cliente (o suoi ospiti) arrechi danni all&#8217;alloggio o agli elementi che lo arredano, o ne asporti qualsiasi contenuto, ne sar\u00e0 responsabile, rifondendo il danno stesso.<\/p>\n<p>&nbsp;<\/p>\n<p><strong>Numero di persone<\/strong><\/p>\n<p>In nessuno caso \u00e8 permesso l&#8217;alloggio a persone eccedenti il numero stabilito all&#8217;atto della prenotazione, se non preventivamente concordato. Per tale eventualit\u00e0, infatti, \u00e8 prevista una maggiorazione di prezzo. Il gestore si riserva il diritto di rifiutare l&#8217;ingresso all&#8217;alloggio se tale condizione non \u00e8 osservata.<\/p>\n<p>&nbsp;<\/p>\n<p><strong>Obblighi<\/strong><\/p>\n<p>All\u2019interno della struttura \u00e8 vietato svolgere attivit\u00e0 pericolose, contrarie al pubblico decoro e\/o contrarie alla legge<\/p>\n<p>L\u2019ospite deve mantenere un comportamento tale che in nessun momento della giornata ed in nessun modo possa turbare l&#8217;altrui tranquillit\u00e0<\/p>\n<p>L\u2019immobile dovr\u00e0 essere utilizzato solamente ed esclusivamente per residenza turistica.<\/p>\n<p>L\u2019ospite non potr\u00e0 sublocare o dare in comodato, in tutto o in parte, l\u2019unit\u00e0 immobiliare, pena la risoluzione di diritto della locazione.<\/p>\n<p>In caso di violazione delle disposizioni dettate dal presente regolamento, previo richiamo ed ammonimento dell\u2019ospite al rispetto delle stesse, \u00e8 facolt\u00e0 di Thatsinis interrompere immediatamente la locazione ed allontanare dalla struttura ricettiva l\u2019ospite che persista nella violazione.<\/p>\n<p>&nbsp;<\/p>\n<p>&nbsp;<\/p>\n<\/div>\n<p>&nbsp;","protected":false},"excerpt":{"rendered":"<p>Prenotazione La richiesta di prenotazione pu\u00f2 essere fatta telefonicamente o tramite email. (preferibilmente email) &nbsp; Modalit\u00e0 di pagamento del saldo Il pagamento, relativo a tutta la durata del pernottamento, dovr\u00e0 avvenire al momento della consegna delle chiavi, all\u2019arrivo del cliente .\u00a0Al momento della consegna delle chiavi sar\u00e0 versata una \u00a0cauzione <a href=\"https:\/\/www.thatsinis.net\/en\/termini-e-condizioni\/\"><span class=\"meta-nav\">&#8230;<\/span><\/a><\/p>\n","protected":false},"author":1,"featured_media":0,"parent":0,"menu_order":0,"comment_status":"open","ping_status":"open","template":"","meta":{"footnotes":""},"class_list":["post-4704","page","type-page","status-publish","hentry"],"_links":{"self":[{"href":"https:\/\/www.thatsinis.net\/en\/wp-json\/wp\/v2\/pages\/4704","targetHints":{"allow":["GET"]}}],"collection":[{"href":"https:\/\/www.thatsinis.net\/en\/wp-json\/wp\/v2\/pages"}],"about":[{"href":"https:\/\/www.thatsinis.net\/en\/wp-json\/wp\/v2\/types\/page"}],"author":[{"embeddable":true,"href":"https:\/\/www.thatsinis.net\/en\/wp-json\/wp\/v2\/users\/1"}],"replies":[{"embeddable":true,"href":"https:\/\/www.thatsinis.net\/en\/wp-json\/wp\/v2\/comments?post=4704"}],"version-history":[{"count":0,"href":"https:\/\/www.thatsinis.net\/en\/wp-json\/wp\/v2\/pages\/4704\/revisions"}],"wp:attachment":[{"href":"https:\/\/www.thatsinis.net\/en\/wp-json\/wp\/v2\/media?parent=4704"}],"curies":[{"name":"wp","href":"https:\/\/api.w.org\/{rel}","templated":true}]}}