{"id":4138,"date":"2014-09-20T02:21:06","date_gmt":"2014-09-20T00:21:06","guid":{"rendered":"http:\/\/test.superatic.com\/thatsinis\/?page_id=4138"},"modified":"2014-09-20T02:21:06","modified_gmt":"2014-09-20T00:21:06","slug":"termini","status":"publish","type":"page","link":"https:\/\/www.thatsinis.net\/en\/legal\/termini\/","title":{"rendered":"Termini"},"content":{"rendered":"<p><strong>Prenotazione<\/strong><br \/>\nLa richiesta di prenotazione pu\u00f2 essere fatta telefonicamente o tramite email. (preferibilmente email)<\/p>\n<p><strong>Modalit\u00e0 di pagamento del saldo<\/strong><br \/>\nIl pagamento, relativo a tutta la durata del pernottamento, dovr\u00e0 avvenire al momento della consegna delle chiavi, all\u2019arrivo del cliente.<br \/>\nAl momento della consegna delle chiavi sar\u00e0 versata una  cauzione che verr\u00e0 restituita al momento della riconsegna dell\u2019immobile una volta rilevata l\u2019inesistenza di danni.<\/p>\n<p><strong>Registrazione<\/strong><br \/>\nL&#8217;ospite, al suo arrivo, \u00e8 tenuto ad esibire un documento di identit\u00e0 in corso di validit\u00e0, per la registrazione, secondo le vigenti disposizioni di legge.<\/p>\n<p><strong>Disdette della prenotazione<\/strong><br \/>\nIn caso di cancellazione della prenotazione:<br \/>\n-se la disdetta viene comunicata fino a 30 giorni ed oltre dalla data di prenotazione l&#8217;intera somma viene rimborsata.<br \/>\n-se la disdetta viene comunicata negli ultimi 30 giorni dalla data di prenotazione e l&#8217; appartamento non viene riaffittato, non \u00e8 previsto nessun rimborso.<br \/>\n-se la disdetta viene comunicata negli ultimi 30 giorni dalla data di prenotazione e l&#8217; appartamento viene riaffittato, l&#8217; intera somma viene rimborsata.<\/p>\n<p><strong>Prezzi<\/strong><br \/>\nI prezzi offerti sono comprensivi di: uso della cucina, degli elettrodomestici, dell\u2019arredo, degli utensili,  di tutte le dotazioni per la preparazione e la consumazione dei pasti, di quelle relative all\u2019energia elettrica (escluso riscaldamento\/aria condizionata,che viene conteggiato in base all&#8217;utilizzo tramite contascatti: 0,25 \u20ac\/KW), al gas , all\u2019acqua.<br \/>\n-il costo per le pulizie finali \u00e8 di 30 euro. (pulizia del bagno, della cucina, del barbecue e differenziamento della spazzatura sono comunque a carico del cliente).<br \/>\n-la biancheria da letto e da bagno \u00e8 inclusa nel prezzo di affitto solo in bassa stagione e per periodi di una settimana o inferiori. Per periodi maggiori ed in alta stagione se il cliente \u00e8 sprovvisto il costo \u00e8 di 10 euro a set a persona<br \/>\n&#8211; wi-fi internet incluso (in casa in pineta sono disponibili  3 giga al mese . per maggiori informazioni contattare tramite email)<\/p>\n<p><strong>Animali domestici<\/strong><br \/>\nE proibito introdurre all&#8217;interno dell&#8217;appartamento animali.<\/p>\n<p><strong>Orario di arrivo e di partenza<\/strong><br \/>\nL\u2019appartamento \u00e8 disponibile dalle ore 10.00 del giorno di arrivo (flessibilein base alle esigenze di entrambe le parti), lo stesso dovr\u00e0 essere liberato, salvo diversi accordi, entro le ore 13.00del giorno successivo all&#8217;ultimo pernottamento.<\/p>\n<p><strong>Responsabilit\u00e0 del cliente o suoi ospiti<\/strong><br \/>\nQualora il cliente (o suoi ospiti) arrechi danni all&#8217;alloggio o agli elementi che lo arredano, o ne asporti qualsiasi contenuto, ne sar\u00e0 responsabile, rifondendo il danno stesso.<\/p>\n<p><strong>Numero di persone<\/strong><br \/>\nIn nessuno caso \u00e8 permesso l&#8217;alloggio a persone eccedenti il numero stabilito all&#8217;atto della prenotazione, se non preventivamente concordato. Per tale eventualit\u00e0, infatti, \u00e8 prevista una maggiorazione di prezzo. Il gestore si riserva il diritto di rifiutare l&#8217;ingresso all&#8217;alloggio se tale condizione non \u00e8 osservata.<\/p>\n<p><strong>Obblighi<\/strong><br \/>\nAll\u2019interno della struttura \u00e8 vietato svolgere attivit\u00e0 pericolose, contrarie al pubblico decoro e\/o contrarie alla legge.<br \/>\nL\u2019ospite deve mantenere un comportamento tale che in nessun momento della giornata ed in nessun modo possa turbare l&#8217;altrui tranquillit\u00e0<br \/>\nL\u2019immobile dovr\u00e0 essere utilizzato solamente ed esclusivamente per residenza turistica.<br \/>\nL\u2019ospite non potr\u00e0 sublocare o dare in comodato, in tutto o in parte, l\u2019unit\u00e0 immobiliare, pena la risoluzione di diritto della locazione.<br \/>\nIn caso di violazione delle disposizioni dettate dal presente regolamento, previo richiamo ed ammonimento dell\u2019ospite al rispetto delle stesse, \u00e8 facolt\u00e0 di That sinis interrompere immediatamente la locazione ed allontanare dalla struttura ricettiva l\u2019ospite che persista nella violazione.<\/p>\n","protected":false},"excerpt":{"rendered":"<p>Prenotazione La richiesta di prenotazione pu\u00f2 essere fatta telefonicamente o tramite email. (preferibilmente email) Modalit\u00e0 di pagamento del saldo Il pagamento, relativo a tutta la durata del pernottamento, dovr\u00e0 avvenire al momento della consegna delle chiavi, all\u2019arrivo del cliente. Al momento della consegna delle chiavi sar\u00e0 versata una cauzione che <a href=\"https:\/\/www.thatsinis.net\/en\/legal\/termini\/\"><span class=\"meta-nav\">&#8230;<\/span><\/a><\/p>\n","protected":false},"author":1,"featured_media":0,"parent":4166,"menu_order":0,"comment_status":"open","ping_status":"closed","template":"","meta":{"footnotes":""},"class_list":["post-4138","page","type-page","status-publish","hentry"],"_links":{"self":[{"href":"https:\/\/www.thatsinis.net\/en\/wp-json\/wp\/v2\/pages\/4138","targetHints":{"allow":["GET"]}}],"collection":[{"href":"https:\/\/www.thatsinis.net\/en\/wp-json\/wp\/v2\/pages"}],"about":[{"href":"https:\/\/www.thatsinis.net\/en\/wp-json\/wp\/v2\/types\/page"}],"author":[{"embeddable":true,"href":"https:\/\/www.thatsinis.net\/en\/wp-json\/wp\/v2\/users\/1"}],"replies":[{"embeddable":true,"href":"https:\/\/www.thatsinis.net\/en\/wp-json\/wp\/v2\/comments?post=4138"}],"version-history":[{"count":0,"href":"https:\/\/www.thatsinis.net\/en\/wp-json\/wp\/v2\/pages\/4138\/revisions"}],"up":[{"embeddable":true,"href":"https:\/\/www.thatsinis.net\/en\/wp-json\/wp\/v2\/pages\/4166"}],"wp:attachment":[{"href":"https:\/\/www.thatsinis.net\/en\/wp-json\/wp\/v2\/media?parent=4138"}],"curies":[{"name":"wp","href":"https:\/\/api.w.org\/{rel}","templated":true}]}}